{"id":372,"date":"2018-10-11T16:07:18","date_gmt":"2018-10-11T16:07:18","guid":{"rendered":"http:\/\/musikzimmer-memmingen.de\/?page_id=372"},"modified":"2025-11-03T08:07:48","modified_gmt":"2025-11-03T08:07:48","slug":"aktuelles","status":"publish","type":"page","link":"https:\/\/www.musikzimmer-memmingen.de\/?page_id=372","title":{"rendered":"Aktuelles"},"content":{"rendered":"<h4 style=\"text-align: center;\"><\/h4>\n<h4 style=\"text-align: center;\"><strong><span style=\"color: #e9aeb7;\">Neu<\/span><\/strong><\/h4>\n<p style=\"text-align: center;\"><span style=\"color: #e9aeb7;\">Kurse f\u00fcr Grundschulkinder der 3. und 4. Klasse<\/span><\/p>\n<p style=\"text-align: center;\"><span style=\"color: #e9aeb7;\">Hierbei erlangen die Kinder erste Kenntnisse in die Notenlehre mit der Rhythmus-Sprache.<\/span><\/p>\n<p style=\"text-align: center;\"><span style=\"color: #e9aeb7;\">Diese ist eine ganz nat\u00fcrliche und intuitive Art um den Rhythmus zu z\u00e4hlen.<\/span><\/p>\n<p style=\"text-align: center;\"><span style=\"color: #e9aeb7;\">N\u00e4here Infos unter Musikalische Fr\u00fchf\u00f6rderung sowie Kurse und Anmeldung<\/span><\/p>\n<h4 style=\"text-align: center;\"><span style=\"color: #ffffff;\">.g<\/span><\/h4>\n<p style=\"padding-left: 30px; text-align: center;\">\n","protected":false},"excerpt":{"rendered":"<p>Neu Kurse f\u00fcr Grundschulkinder der 3. und 4. Klasse Hierbei erlangen die Kinder erste Kenntnisse in die Notenlehre mit der Rhythmus-Sprache. Diese ist eine ganz nat\u00fcrliche und intuitive Art um den Rhythmus zu z\u00e4hlen. N\u00e4here Infos unter Musikalische Fr\u00fchf\u00f6rderung sowie<\/p>\n","protected":false},"author":1,"featured_media":0,"parent":0,"menu_order":0,"comment_status":"closed","ping_status":"closed","template":"","meta":{"footnotes":""},"class_list":["post-372","page","type-page","status-publish","hentry"],"_links":{"self":[{"href":"https:\/\/www.musikzimmer-memmingen.de\/index.php?rest_route=\/wp\/v2\/pages\/372","targetHints":{"allow":["GET"]}}],"collection":[{"href":"https:\/\/www.musikzimmer-memmingen.de\/index.php?rest_route=\/wp\/v2\/pages"}],"about":[{"href":"https:\/\/www.musikzimmer-memmingen.de\/index.php?rest_route=\/wp\/v2\/types\/page"}],"author":[{"embeddable":true,"href":"https:\/\/www.musikzimmer-memmingen.de\/index.php?rest_route=\/wp\/v2\/users\/1"}],"replies":[{"embeddable":true,"href":"https:\/\/www.musikzimmer-memmingen.de\/index.php?rest_route=%2Fwp%2Fv2%2Fcomments&post=372"}],"version-history":[{"count":99,"href":"https:\/\/www.musikzimmer-memmingen.de\/index.php?rest_route=\/wp\/v2\/pages\/372\/revisions"}],"predecessor-version":[{"id":1845,"href":"https:\/\/www.musikzimmer-memmingen.de\/index.php?rest_route=\/wp\/v2\/pages\/372\/revisions\/1845"}],"wp:attachment":[{"href":"https:\/\/www.musikzimmer-memmingen.de\/index.php?rest_route=%2Fwp%2Fv2%2Fmedia&parent=372"}],"curies":[{"name":"wp","href":"https:\/\/api.w.org\/{rel}","templated":true}]}}