{"id":247,"date":"2018-09-04T08:02:39","date_gmt":"2018-09-04T08:02:39","guid":{"rendered":"http:\/\/musikzimmer-memmingen.de\/?page_id=247"},"modified":"2023-03-08T16:06:39","modified_gmt":"2023-03-08T16:06:39","slug":"musiktherapie-2","status":"publish","type":"page","link":"https:\/\/www.musikzimmer-memmingen.de\/?page_id=247","title":{"rendered":"Musiktherapie"},"content":{"rendered":"<h4 style=\"text-align: center;\"><span style=\"color: #e9aeb7;\"><strong>Musiktherapeutische Interventionen mit Kindern<br \/>\n<\/strong><\/span><\/h4>\n<p style=\"text-align: justify;\">Neben musikalischer F\u00f6rderung stehen bei der Musiktherapie die emotionale und soziale Entwicklung, Wahrnehmung und Motorik im Blickpunkt. Musiktherapie ist der gezielte Einsatz von Musik im Rahmen der therapeutischen Beziehung zur Wiederherstellung, Erhaltung und F\u00f6rderung seelischer, k\u00f6rperlicher und geistiger Gesundheit.<\/p>\n<p style=\"text-align: justify;\">Kurz und allgemein gesagt ist die Musiktherapie eine k\u00fcnstlerische Form der Psychotherapie. Musik kann so starke Emotionen hervorrufen wie keine andere Kunstform.<\/p>\n<p style=\"text-align: justify;\">Ausprobieren, Experimentieren und Improvisieren erm\u00f6glicht in der Musiktherapie, die eigene Pers\u00f6nlichkeit zu entfalten, in Kontakt zu seinem Inneren sowie zu seinem K\u00f6rper zu gelangen.<\/p>\n<p style=\"text-align: justify;\">Der Umgang mit Musik erfolgt spielerisch, ohne Druck. Es bedarf keiner musikalischen Vorkenntnisse oder Talente. In Einsatz kommende Instrumente sind leicht spielbar und sprechen verschiedene Sinne an (taktil, optisch, akustisch).<\/p>\n<p style=\"text-align: justify;\">Einen gro\u00dfen Vorteil, den die Musiktherapie ausmacht, ist, dass man die Zeit w\u00e4hrend eines Settings ohne Worte verbringen und dennoch in eine laute oder leise, wilde oder ruhige Kommunikation kommen kann. Das, wof\u00fcr man manchmal keine Worte findet, kann nonverbal in Rhythmen oder Melodien \u00fcbersetzt werden. \u00dcber Musik \u00f6ffnen sich Zug\u00e4nge zu Emotionen. Freude, Wut, Trauer&#8230; k\u00f6nnen sich zeigen.<\/p>\n<p style=\"text-align: justify;\">Die Ans\u00e4tze k\u00f6nnen dabei rezeptiv (= zuh\u00f6rend) oder aktiv (= musizierend) sein.<\/p>\n<p style=\"text-align: justify;\">Meine Aufgabe:<\/p>\n<ul style=\"text-align: justify;\">\n<li>Erst einmal zuh\u00f6ren<\/li>\n<li>Wahrnehmung und Ausdruck von Emotionen<\/li>\n<li>Ich nutze die eigene Stimme, Instrumente oder Kl\u00e4nge um im gemeinsamen Spiel etwas in Gang zu bringen, etwas mitzugestalten und Neues entstehen zu lassen.<\/li>\n<\/ul>\n<p style=\"text-align: justify;\">Wann kommen musiktherapeutische Interventionen in Einsatz? Was bewirken sie?<\/p>\n<ul style=\"text-align: justify;\">\n<li>Steigerung der geistigen und k\u00f6rperlichen Aktivit\u00e4t<\/li>\n<li>Sprachentwicklung<\/li>\n<li>Auditive Wahrnehmungsst\u00f6rung<\/li>\n<li>Entspannung herbeif\u00fchren, vertiefte Atmung<\/li>\n<li>St\u00e4rkung des Selbstwertgef\u00fchls und des Selbstbewusstseins<\/li>\n<li>Entfaltung der eigenen Pers\u00f6nlichkeit<\/li>\n<li>In Kontakt zu seinen Gef\u00fchlen sowie zu seinem K\u00f6rper gelangen<\/li>\n<li>Aufmerksamkeit f\u00f6rdern, Konzentration steigern<\/li>\n<\/ul>\n<p style=\"text-align: justify;\">Musiktherapeutische Interventionen biete ich als Einzeltermine bei mir im Musikzimmer an.<\/p>\n<p>Kosten:<\/p>\n<p>Eltern\/-Erstgespr\u00e4ch\u00a0\u00a0\u00a0\u00a0\u00a0\u00a0\u00a0\u00a0\u00a0\u00a0\u00a0\u00a0\u00a0\u00a0\u00a0\u00a0\u00a0\u00a0\u00a0\u00a0\u00a0\u00a0\u00a0\u00a0\u00a0\u00a0\u00a0\u00a0\u00a0\u00a0\u00a0\u00a0\u00a0\u00a0 20,00 \u20ac<\/p>\n<p>Einzelsetting 30 &#8211; max. 40 Minuten je\u00a0\u00a0\u00a0\u00a0\u00a0\u00a0\u00a0 30,00 \u20ac<\/p>\n<p>Ich erarbeite ein individuell auf die Bed\u00fcrfnisse des Kindes ausgerichtetes Konzept.<\/p>\n<p>Ich freue mich auf ein Kennenlernen.<\/p>\n<p><strong>\u00a0<\/strong><\/p>\n<h4 style=\"text-align: center;\"><span style=\"color: #e9aeb7;\"><strong>Musiktherapeutische Interventionen mit Kindern, <\/strong><\/span><\/h4>\n<h4 style=\"text-align: center;\"><span style=\"color: #e9aeb7;\"><strong>die in ihrem Handeln k\u00f6rperlich und geistig eingeschr\u00e4nkt sind<\/strong><\/span><\/h4>\n<p style=\"text-align: justify;\">In der Zeit von 2009 bis 2012 durfte ich am Friedrich-von-Bodelschwingh-Kindergarten in Ulm musiktherapeutische Interventionen anbieten. Der Umgang mit diesen besonderen Kindern hat mich sehr ber\u00fchrt und beeindruckt.<\/p>\n<p style=\"text-align: justify;\">Wenn ich das Erlebte in einem Satz zusammenfasse, dann in diesem:<\/p>\n<p style=\"text-align: justify;\">Gef\u00fchle sind nicht behindert \u2013 in jedem Menschen steckt eine sch\u00f6pferische Kraft.<\/p>\n<p style=\"text-align: justify;\">Kinder mit Einschr\u00e4nkungen und St\u00f6rungen in ihrer Entwicklung k\u00f6nnen sich entsprechend ihrer M\u00f6glichkeiten aktiv am musikalischen Geschehen beteiligen und die Wirkung elementarer Musik erleben.<\/p>\n<p style=\"text-align: justify;\">Ich m\u00f6chte ein klang- und genussvolles Erlebnis schaffen und durch musikalische Elemente wie Sprache, Rhythmus, Melodie und Bewegung alle Sinne ansprechen.<\/p>\n<p style=\"text-align: justify;\">Die Instrumente und Spielmaterialien sind einfach in der Handhabung und bieten durch ihre Form Reize f\u00fcr das Auge und durch ihre Vibrationen Reize f\u00fcr den H\u00f6r- und Tastsinn.<\/p>\n<p style=\"text-align: justify;\">Durch musikalische Interventionen wird es mir m\u00f6glich, auch da noch anzusetzen, wo ein wichtiges Sinnesorgan ausf\u00e4llt oder gesch\u00e4digt ist.<\/p>\n<p style=\"text-align: justify;\">Ich biete Einzel- sowie auch Privattermine bei Ihnen zu Hause an.<\/p>\n<p>Kosten:<\/p>\n<p>Eltern\/-Erstgespr\u00e4ch\u00a0\u00a0\u00a0\u00a0\u00a0\u00a0\u00a0\u00a0\u00a0\u00a0\u00a0\u00a0\u00a0\u00a0\u00a0\u00a0\u00a0\u00a0\u00a0\u00a0\u00a0\u00a0\u00a0\u00a0\u00a0\u00a0\u00a0\u00a0\u00a0\u00a0\u00a0\u00a0\u00a0\u00a0 20,00 \u20ac<\/p>\n<p>Einzelsetting 30 &#8211; max. 40 Minuten je\u00a0\u00a0\u00a0\u00a0\u00a0\u00a0\u00a0 30,00 \u20ac<\/p>\n<p>zzgl. etwaiger Fahrkosten bei Privatterminen bei Ihnen zu Hause<\/p>\n<p>Ich erarbeite ein individuell auf die Bed\u00fcrfnisse des Kindes ausgerichtetes Konzept<\/p>\n<p style=\"text-align: justify;\">Ich freue mich auf ein Kennenlernen.<\/p>\n","protected":false},"excerpt":{"rendered":"<p>Musiktherapeutische Interventionen mit Kindern Neben musikalischer F\u00f6rderung stehen bei der Musiktherapie die emotionale und soziale Entwicklung, Wahrnehmung und Motorik im Blickpunkt. Musiktherapie ist der gezielte Einsatz von Musik im Rahmen der therapeutischen Beziehung zur Wiederherstellung, Erhaltung und F\u00f6rderung seelischer, k\u00f6rperlicher<\/p>\n","protected":false},"author":1,"featured_media":0,"parent":0,"menu_order":0,"comment_status":"closed","ping_status":"closed","template":"","meta":{"footnotes":""},"class_list":["post-247","page","type-page","status-publish","hentry"],"_links":{"self":[{"href":"https:\/\/www.musikzimmer-memmingen.de\/index.php?rest_route=\/wp\/v2\/pages\/247","targetHints":{"allow":["GET"]}}],"collection":[{"href":"https:\/\/www.musikzimmer-memmingen.de\/index.php?rest_route=\/wp\/v2\/pages"}],"about":[{"href":"https:\/\/www.musikzimmer-memmingen.de\/index.php?rest_route=\/wp\/v2\/types\/page"}],"author":[{"embeddable":true,"href":"https:\/\/www.musikzimmer-memmingen.de\/index.php?rest_route=\/wp\/v2\/users\/1"}],"replies":[{"embeddable":true,"href":"https:\/\/www.musikzimmer-memmingen.de\/index.php?rest_route=%2Fwp%2Fv2%2Fcomments&post=247"}],"version-history":[{"count":24,"href":"https:\/\/www.musikzimmer-memmingen.de\/index.php?rest_route=\/wp\/v2\/pages\/247\/revisions"}],"predecessor-version":[{"id":1527,"href":"https:\/\/www.musikzimmer-memmingen.de\/index.php?rest_route=\/wp\/v2\/pages\/247\/revisions\/1527"}],"wp:attachment":[{"href":"https:\/\/www.musikzimmer-memmingen.de\/index.php?rest_route=%2Fwp%2Fv2%2Fmedia&parent=247"}],"curies":[{"name":"wp","href":"https:\/\/api.w.org\/{rel}","templated":true}]}}