{"id":134,"date":"2018-08-17T08:21:38","date_gmt":"2018-08-17T08:21:38","guid":{"rendered":"http:\/\/musikzimmer-memmingen.de\/?page_id=134"},"modified":"2026-03-02T08:52:52","modified_gmt":"2026-03-02T08:52:52","slug":"startseite","status":"publish","type":"page","link":"https:\/\/www.musikzimmer-memmingen.de\/","title":{"rendered":""},"content":{"rendered":"<h4 style=\"text-align: center;\"><span style=\"color: #e9aeb7;\"><strong>Musikerlebnis mit allen Sinnen<\/strong><\/span><\/h4>\n<p style=\"text-align: justify;\">Darum dreht es sich in meinem Musik-Zimmer. Ich bin Annett (48 Jahre, verheiratet, Mama einer Tochter) und freue mich auf das gemeinsame Musik erleben mit Ihnen und Ihren Kindern.<\/p>\n<p style=\"text-align: justify;\">Das Musizieren ist meine Leidenschaft. Seit \u00fcber 25 Jahren stehe ich als S\u00e4ngerin in verschiedenen Band-Formationen auf der B\u00fchne. Bereits als Jugendliche sang ich im Chor, spielte Theater und Klavier.<\/p>\n<p style=\"text-align: justify;\">2009 habe ich die Ausbildung als zertifizierte Musiktherapeutin (IEK) abgeschlossen. Meine mehrj\u00e4hrige Arbeit mit Kindern am Friedrich-von-Bodelschwingh-Kindergarten in Ulm habe ich als Grundlage genommen, mein Musik-Zimmer zu gr\u00fcnden, um dort in einem best\u00e4ndigen Rahmen die wohltuende, f\u00f6rderliche Kraft von Kl\u00e4ngen weiterzugeben.<\/p>\n<p style=\"text-align: justify;\">Mir ist wichtig, es jedem Kind in seinem Tempo zu erm\u00f6glichen sich einzubringen und musikalisch auszudr\u00fccken.<\/p>\n<p style=\"text-align: justify;\">Daher finden die Kurse in altersnahen und kleinen Gruppen statt.<\/p>\n<p>Ich freue mich auf ein Kennenlernen.<\/p>\n<p>Annett Schubert<\/p>\n","protected":false},"excerpt":{"rendered":"<p>Musikerlebnis mit allen Sinnen Darum dreht es sich in meinem Musik-Zimmer. Ich bin Annett (48 Jahre, verheiratet, Mama einer Tochter) und freue mich auf das gemeinsame Musik erleben mit Ihnen und Ihren Kindern. Das Musizieren ist meine Leidenschaft. Seit \u00fcber<\/p>\n","protected":false},"author":1,"featured_media":0,"parent":0,"menu_order":0,"comment_status":"closed","ping_status":"closed","template":"","meta":{"footnotes":""},"class_list":["post-134","page","type-page","status-publish","hentry"],"_links":{"self":[{"href":"https:\/\/www.musikzimmer-memmingen.de\/index.php?rest_route=\/wp\/v2\/pages\/134","targetHints":{"allow":["GET"]}}],"collection":[{"href":"https:\/\/www.musikzimmer-memmingen.de\/index.php?rest_route=\/wp\/v2\/pages"}],"about":[{"href":"https:\/\/www.musikzimmer-memmingen.de\/index.php?rest_route=\/wp\/v2\/types\/page"}],"author":[{"embeddable":true,"href":"https:\/\/www.musikzimmer-memmingen.de\/index.php?rest_route=\/wp\/v2\/users\/1"}],"replies":[{"embeddable":true,"href":"https:\/\/www.musikzimmer-memmingen.de\/index.php?rest_route=%2Fwp%2Fv2%2Fcomments&post=134"}],"version-history":[{"count":38,"href":"https:\/\/www.musikzimmer-memmingen.de\/index.php?rest_route=\/wp\/v2\/pages\/134\/revisions"}],"predecessor-version":[{"id":1857,"href":"https:\/\/www.musikzimmer-memmingen.de\/index.php?rest_route=\/wp\/v2\/pages\/134\/revisions\/1857"}],"wp:attachment":[{"href":"https:\/\/www.musikzimmer-memmingen.de\/index.php?rest_route=%2Fwp%2Fv2%2Fmedia&parent=134"}],"curies":[{"name":"wp","href":"https:\/\/api.w.org\/{rel}","templated":true}]}}