{"id":125,"date":"2018-08-15T10:46:16","date_gmt":"2018-08-15T10:46:16","guid":{"rendered":"http:\/\/musikzimmer-memmingen.de\/?page_id=125"},"modified":"2026-03-02T09:05:35","modified_gmt":"2026-03-02T09:05:35","slug":"info","status":"publish","type":"page","link":"https:\/\/www.musikzimmer-memmingen.de\/?page_id=125","title":{"rendered":"Kurse"},"content":{"rendered":"<h4 style=\"text-align: center;\"><span style=\"color: #e9aeb7;\"><strong>Kurse und Anmeldung<\/strong><\/span><\/h4>\n<p style=\"text-align: center;\">Mir ist es wichtig, jedes Kind altersgerecht einzubeziehen. Die Altersbeschr\u00e4nkungen in den Gruppen sind ein Richtwert, damit ich die Gruppen entwicklungsgerecht zusammenstellen kann.<\/p>\n<p>&nbsp;<\/p>\n<h4 style=\"text-align: center;\"><strong><span style=\"color: #e9aeb7;\">Fr\u00fchjahr- Sommerkurse 2026<\/span><\/strong><\/h4>\n<h5 style=\"text-align: center;\"><strong><span style=\"color: #e9aeb7;\">Keine Kurse w\u00e4hrend der Pfingstferien vom 25.05.26 &#8211; 07.06.26 sowie am Donnerstag Christi Himmelfahrt 14.05.26<\/span><\/strong><\/h5>\n<p>&nbsp;<\/p>\n<h6 style=\"text-align: center;\"><strong><span style=\"color: #e9aeb7;\">\u201eRhythmussprache\u201c<\/span><\/strong><\/h6>\n<h6 style=\"text-align: center;\"><strong><span style=\"color: #e9aeb7;\">(Grundschulkinder 3. und 4. Klasse)<\/span><\/strong><\/h6>\n<h6 style=\"text-align: center;\"><strong><span style=\"color: #e9aeb7;\">Kursgeb\u00fchr: 80,00 \u20ac<\/span><\/strong><\/h6>\n<p>&nbsp;<\/p>\n<p>Kursbeginn: \u00a0\u00a0\u00a0\u00a0\u00a0 ab 04.05.2026, jeweils Montag, 8 Treffen, ca. 50 Minuten<\/p>\n<p>\u00a0\u00a0\u00a0\u00a0\u00a0\u00a0\u00a0\u00a0\u00a0\u00a0\u00a0\u00a0\u00a0\u00a0\u00a0\u00a0\u00a0\u00a0\u00a0\u00a0\u00a0\u00a0\u00a0\u00a0\u00a0 Beginn: 17.00 Uhr\u00a0\u00a0\u00a0\u00a0<\/p>\n<h6 style=\"text-align: center;\">\u00a0<\/h6>\n<h6 style=\"text-align: center;\"><span style=\"color: #e9aeb7;\"><strong>\u201eKlitzeklang\u201c<\/strong><strong>\u00a0\u00a0\u00a0<\/strong><strong>\u00a0(12 \u2013 23 Monate)<\/strong><\/span><\/h6>\n<h6 style=\"text-align: center;\"><span style=\"color: #e9aeb7;\"><strong>Kursgeb\u00fchr: 75,00 \u20ac<\/strong><\/span><\/h6>\n<p>&nbsp;<\/p>\n<p>Kurs 1:\u00a0\u00a0\u00a0\u00a0\u00a0\u00a0\u00a0\u00a0\u00a0 ab 04.05.2026, jeweils Montag, 8 Treffen, ca. 45 Minuten<\/p>\n<p>\u00a0\u00a0\u00a0\u00a0\u00a0\u00a0\u00a0\u00a0\u00a0\u00a0\u00a0\u00a0\u00a0\u00a0\u00a0\u00a0\u00a0\u00a0\u00a0\u00a0 Beginn: 09.30 Uhr \u00a0\u00a0 \u00a0\u00a0\u00a0\u00a0\u00a0\u00a0\u00a0\u00a0<\/p>\n<p style=\"text-align: center;\">oder<\/p>\n<p>Kurs 2:\u00a0\u00a0\u00a0\u00a0\u00a0\u00a0\u00a0\u00a0\u00a0\u00a0\u00a0ab 05.05.2026, jeweils Dienstag, 8 Treffen, ca. 45 Minuten<\/p>\n<p>\u00a0\u00a0\u00a0\u00a0\u00a0\u00a0\u00a0\u00a0\u00a0\u00a0\u00a0\u00a0\u00a0\u00a0\u00a0\u00a0\u00a0\u00a0\u00a0\u00a0\u00a0 Beginn: 09.30 Uhr\u00a0\u00a0\u00a0<\/p>\n<p style=\"text-align: center;\">oder<\/p>\n<p>Kurs 3:\u00a0\u00a0\u00a0\u00a0\u00a0\u00a0\u00a0\u00a0\u00a0\u00a0\u00a0ab 30.04.2026, jeweils Donnerstag, 8 Treffen, ca. 45 Minuten<\/p>\n<p>\u00a0\u00a0\u00a0\u00a0\u00a0\u00a0\u00a0\u00a0\u00a0\u00a0\u00a0\u00a0\u00a0\u00a0\u00a0\u00a0\u00a0\u00a0\u00a0\u00a0\u00a0 Beginn: 15.30 Uhr\u00a0\u00a0\u00a0<\/p>\n<p>&nbsp;<\/p>\n<h6 style=\"text-align: center;\"><span style=\"color: #e9aeb7;\"><strong>\u201eRapauken\u201c\u00a0\u00a0\u00a0 (24 \u2013 36 Monate)<\/strong><\/span><\/h6>\n<h6 style=\"text-align: center;\"><strong><span style=\"color: #e9aeb7;\">Kursgeb\u00fchr 75,00 \u20ac<\/span><\/strong><\/h6>\n<p>&nbsp;<\/p>\n<p>Kurs 1:\u00a0\u00a0\u00a0\u00a0\u00a0\u00a0\u00a0\u00a0\u00a0\u00a0\u00a0ab 04.05.2026, jeweils Montag, 8 Treffen, ca. 45 Minuten<\/p>\n<p>\u00a0\u00a0\u00a0\u00a0\u00a0\u00a0\u00a0\u00a0\u00a0\u00a0\u00a0\u00a0\u00a0\u00a0\u00a0\u00a0\u00a0\u00a0\u00a0\u00a0\u00a0 Beginn: 15.30 Uhr\u00a0\u00a0\u00a0\u00a0\u00a0\u00a0\u00a0\u00a0\u00a0\u00a0 \u00a0\u00a0\u00a0\u00a0\u00a0\u00a0<\/p>\n<p style=\"text-align: center;\">oder<\/p>\n<p>Kurs 2:\u00a0\u00a0\u00a0\u00a0\u00a0\u00a0\u00a0\u00a0\u00a0\u00a0\u00a0ab 05.05.2026, jeweils Dienstag, 8 Treffen, ca. 45 Minuten<\/p>\n<p>\u00a0\u00a0\u00a0\u00a0\u00a0\u00a0\u00a0\u00a0\u00a0\u00a0\u00a0\u00a0\u00a0\u00a0\u00a0\u00a0\u00a0\u00a0\u00a0\u00a0\u00a0 Beginn: 15.30 Uhr\u00a0<\/p>\n<p>&nbsp;<\/p>\n<h6 style=\"text-align: center;\"><span style=\"color: #e9aeb7;\"><strong>\u201eRasselbande\u201c\u00a0\u00a0\u00a0\u00a0 (4 &#8211; 6 Jahre) OHNE Begleitperson<\/strong><\/span><\/h6>\n<h6 style=\"text-align: center;\"><span style=\"color: #e9aeb7;\"><strong>Kursgeb\u00fchr: 75,00 \u20ac<\/strong><\/span><\/h6>\n<p>&nbsp;<\/p>\n<p>Kursbeginn:\u00a0\u00a0\u00a0\u00a0 ab 06.05.2026, jeweils Mittwoch, 8 Treffen, 45 Minuten<\/p>\n<p>\u00a0\u00a0\u00a0\u00a0\u00a0\u00a0\u00a0\u00a0\u00a0\u00a0\u00a0\u00a0\u00a0\u00a0\u00a0\u00a0\u00a0\u00a0\u00a0\u00a0\u00a0\u00a0\u00a0 Beginn: 15.00 Uhr\u00a0\u00a0<\/p>\n<p>&nbsp;<\/p>\n<p style=\"text-align: center;\">Die Kinder besuchen selbst\u00e4ndig allein den Kurs.<\/p>\n<p style=\"text-align: center;\">F\u00fcr Familien, die mein Musikzimmer oder die Rasselbande-Gruppe noch nicht kennen, gibt es die M\u00f6glichkeit einer Kennenlernstunde &#8211; hier kann auch eine Begleitperson mit dabei sein.<\/p>\n<p style=\"text-align: center;\">Wenn ihr euch dann f\u00fcr den darauf anschlie\u00dfenden Kurs entscheidet, wird der Betrag f\u00fcr die Kennenlernstunde in H\u00f6he von 10,00 \u20ac auf die Kursgeb\u00fchr angerechnet.<\/p>\n<p style=\"text-align: center;\">Selbstverst\u00e4ndlich kann man sich auch ohne Kennenlernstunde direkt f\u00fcr den Kurs anmelden.<\/p>\n<p style=\"text-align: center;\">Kennenlerntermin f\u00fcr die Rasselbande:<\/p>\n<p style=\"text-align: center;\">Mittwoch den 29.04.2026 um 15.00, Kosten 10,00 \u20ac<\/p>\n<p>&nbsp;<\/p>\n<p style=\"text-align: justify;\"><strong>Weitere Kurse werden regelm\u00e4\u00dfig auf meiner Homepage bekannt gegeben.<\/strong><\/p>\n<p>Zum Kennenlernen ist eine unverbindliche Schnupperstunde m\u00f6glich.<\/p>\n<p style=\"text-align: justify;\">Verbindlich &#8211; gleichzeitig in einem Kursblock &#8211;\u00a0 angemeldete Geschwisterkinder erhalten einen Rabatt von 10 % auf die Kursgeb\u00fchr (z. B. Kind 1 bei \u201eKlitzeklang\u201c und Kind 2 bei der \u201eRasselbande\u201c oder Mehrlingsgeschwister)<\/p>\n<p style=\"text-align: justify;\">Ort: Drususstr. 3, 87700 Memmingen<\/p>\n<p>Das Musik-Zimmer gibt es auch zum Verschenken. Wie w\u00e4re es mit einem Gutschein?<\/p>\n<p>Egal ob Wertbetr\u00e4ge, einzelne Kursstunden oder gar ein ganzer Kurs.<\/p>\n<p style=\"text-align: justify;\"><strong>F\u00fcr n\u00e4here Informationen \/ Anmeldung schreiben Sie mir bitte eine E-mail an info@musikzimmer-memmingen.de<\/strong><\/p>\n<p style=\"text-align: justify;\">Die \u00dcberweisung der Kursgeb\u00fchr gilt als verbindliche Anmeldung. Wird die Kursteilnahme seitens des Teilnehmers 7 Tage oder weniger vor Kursbeginn abgesagt, sind dennoch 50% der Kursgeb\u00fchr zu bezahlen. Wird die Kursteilnahme seitens des Teilnehmers am Tag des Kursbeginns abgesagt, ist dennoch die volle Kursgeb\u00fchr zu begleichen bzw. ist eine R\u00fcckerstattung nicht m\u00f6glich.<\/p>\n<p style=\"text-align: justify;\">Eine Rechnung h\u00e4ndige ich zu Kursbeginn aus.<\/p>\n<p style=\"text-align: justify;\">Ein vers\u00e4umter Termin (z. B. Krankheit) meinerseits wird nachgeholt, ggf. wird ein Gutschein erstellt. Der Teilnehmer hat keinen Anspruch darauf einen vers\u00e4umten Termin nachholen zu k\u00f6nnen.<\/p>\n\n\n<p><\/p>\n","protected":false},"excerpt":{"rendered":"<p>Kurse und Anmeldung Mir ist es wichtig, jedes Kind altersgerecht einzubeziehen. Die Altersbeschr\u00e4nkungen in den Gruppen sind ein Richtwert, damit ich die Gruppen entwicklungsgerecht zusammenstellen kann. &nbsp; Fr\u00fchjahr- Sommerkurse 2026 Keine Kurse w\u00e4hrend der Pfingstferien vom 25.05.26 &#8211; 07.06.26 sowie<\/p>\n","protected":false},"author":1,"featured_media":0,"parent":0,"menu_order":0,"comment_status":"closed","ping_status":"closed","template":"","meta":{"footnotes":""},"class_list":["post-125","page","type-page","status-publish","hentry"],"_links":{"self":[{"href":"https:\/\/www.musikzimmer-memmingen.de\/index.php?rest_route=\/wp\/v2\/pages\/125","targetHints":{"allow":["GET"]}}],"collection":[{"href":"https:\/\/www.musikzimmer-memmingen.de\/index.php?rest_route=\/wp\/v2\/pages"}],"about":[{"href":"https:\/\/www.musikzimmer-memmingen.de\/index.php?rest_route=\/wp\/v2\/types\/page"}],"author":[{"embeddable":true,"href":"https:\/\/www.musikzimmer-memmingen.de\/index.php?rest_route=\/wp\/v2\/users\/1"}],"replies":[{"embeddable":true,"href":"https:\/\/www.musikzimmer-memmingen.de\/index.php?rest_route=%2Fwp%2Fv2%2Fcomments&post=125"}],"version-history":[{"count":538,"href":"https:\/\/www.musikzimmer-memmingen.de\/index.php?rest_route=\/wp\/v2\/pages\/125\/revisions"}],"predecessor-version":[{"id":1861,"href":"https:\/\/www.musikzimmer-memmingen.de\/index.php?rest_route=\/wp\/v2\/pages\/125\/revisions\/1861"}],"wp:attachment":[{"href":"https:\/\/www.musikzimmer-memmingen.de\/index.php?rest_route=%2Fwp%2Fv2%2Fmedia&parent=125"}],"curies":[{"name":"wp","href":"https:\/\/api.w.org\/{rel}","templated":true}]}}